{"id":3395,"date":"2024-02-07T11:10:51","date_gmt":"2024-02-07T10:10:51","guid":{"rendered":"https:\/\/asian-t4.se\/orebro\/?page_id=3395"},"modified":"2024-02-22T19:34:00","modified_gmt":"2024-02-22T18:34:00","slug":"japanansk-sushi","status":"publish","type":"page","link":"https:\/\/asian-t4.se\/orebro\/japanansk-sushi\/","title":{"rendered":"JAPANANSK (SUSHI)"},"content":{"rendered":"<section class=\"wpb-content-wrapper\"><p>[vc_row css=&#8221;.vc_custom_1496836470070{padding-top: 20px !important;padding-bottom: 10px !important;}&#8221;][vc_column width=&#8221;1\/4&#8243;][vc_wp_custommenu nav_menu=&#8221;18&#8243;][\/vc_column][vc_column width=&#8221;3\/4&#8243;][vc_column_text]<\/p>\n<h3>JAPANANSK (SUSHI)<\/h3>\n<p>Vid byte till Lax, r\u00e4kor, avokado, Maki (5:- extra)<\/p>\n<div class=\"hw_menu\"><div class=\"media\"><div class=\"media-body\"><div class=\"title-holder\"><div class=\"card-menu-title\"><h3>J.60. 8 Bitar<\/h3><\/div><div class=\"card-menu-price\">130:-<\/div><\/div><div class=\"clear\"><\/div>4 Nigiri Lax, 4 Maki Lax <\/div><\/div><\/div><br \/>\n<div class=\"hw_menu\"><div class=\"media\"><div class=\"media-body\"><div class=\"title-holder\"><div class=\"card-menu-title\"><h3>J.61. Husets Sushi Tallrik. 8 Bitar<\/h3><\/div><div class=\"card-menu-price\">130:-<\/div><\/div><div class=\"clear\"><\/div>2 Lax, 1 Avokado, 1 Tofu, 1 R\u00e4ka, 3 Maki<\/div><\/div><\/div><br \/>\n<div class=\"hw_menu\"><div class=\"media\"><div class=\"media-body\"><div class=\"title-holder\"><div class=\"card-menu-title\"><h3>J.62. Asian T4 Special, 10 Bitar<\/h3><\/div><div class=\"card-menu-price\">160:-<\/div><\/div><div class=\"clear\"><\/div>4 Maki, 2 Avokado, 2 Lax, 2 R\u00e4kor<\/div><\/div><\/div><br \/>\n<div class=\"hw_menu\"><div class=\"media\"><div class=\"media-body\"><div class=\"title-holder\"><div class=\"card-menu-title\"><h3>J.63. Sakura Special. 12 Bitar<\/h3><\/div><div class=\"card-menu-price\">180:-<\/div><\/div><div class=\"clear\"><\/div>3 maki flamberade, 3 maki r\u00e5 r\u00e5 fisk och 6 nigiri<\/div><\/div><\/div><br \/>\n<div class=\"hw_menu\"><div class=\"media\"><div class=\"media-body\"><div class=\"title-holder\"><div class=\"card-menu-title\"><h3>J.64. Asian T4 Middag 14 BITAR<\/h3><\/div><div class=\"card-menu-price\">200:-<\/div><\/div><div class=\"clear\"><\/div>4 Lax, 2 Avokado, 2 Surimisticks, 6 Maki<\/div><\/div><\/div><br \/>\n<div class=\"hw_menu\"><div class=\"media\"><div class=\"media-body\"><div class=\"title-holder\"><div class=\"card-menu-title\"><h3>J.65. Asian T4 Favorit. 14 Bitar<\/h3><\/div><div class=\"card-menu-price\">200:-<\/div><\/div><div class=\"clear\"><\/div>2 R\u00e4kor, 3 Lax, 2 Tofu, 2 Omelett, 5 Maki<\/div><\/div><\/div><br \/>\n<div class=\"hw_menu\"><div class=\"media\"><div class=\"media-body\"><div class=\"title-holder\"><div class=\"card-menu-title\"><h3>J.66. Mixad Kombo. 16 Bitar<\/h3><\/div><div class=\"card-menu-price\">220:-<\/div><\/div><div class=\"clear\"><\/div>2 Bl\u00e4ckfisk, 4 Avokado, 4 Lax, 3 R\u00e4ckor, 3 Surimisticks<\/div><\/div><\/div><br \/>\n<div class=\"hw_menu\"><div class=\"media\"><div class=\"media-body\"><div class=\"title-holder\"><div class=\"card-menu-title\"><h3>J.67. Yakitori. <\/h3><\/div><div class=\"card-menu-price\">170:-<\/div><\/div><div class=\"clear\"><\/div>Kycklingspett med Teriyakisj\u00e5s<\/div><\/div><\/div><br \/>\n<div class=\"hw_menu\"><div class=\"media\"><div class=\"media-body\"><div class=\"title-holder\"><div class=\"card-menu-title\"><h3>J.68. Tempura <\/h3><\/div><div class=\"card-menu-price\">189:-<\/div><\/div><div class=\"clear\"><\/div>Friterad stora r\u00e4kor med Gr\u00f6nsaker , soya och ingef\u00e4ra<\/div><\/div><\/div><br \/>\n<div class=\"hw_menu\"><div class=\"media\"><div class=\"media-body\"><div class=\"title-holder\"><div class=\"card-menu-title\"><h3>J.70. Friterade <\/h3><\/div><div class=\"card-menu-price\">150:-<\/div><\/div><div class=\"clear\"><\/div>Gr\u00f6nsaker soya och ingef\u00e4ra<\/div><\/div><\/div><br \/>\n<div class=\"hw_menu\"><div class=\"media\"><div class=\"media-body\"><div class=\"title-holder\"><div class=\"card-menu-title\"><h3>J.71. Vegetarisk Maki valfri 10st<\/h3><\/div><div class=\"card-menu-price\">150:-<\/div><\/div><div class=\"clear\"><\/div>insider avokado, tofu, gurka, kimchi<\/div><\/div><\/div><br \/>\n<div class=\"hw_menu\"><div class=\"media\"><div class=\"media-body\"><div class=\"title-holder\"><div class=\"card-menu-title\"><h3>J.72. Vegetarisk <\/h3><\/div><div class=\"card-menu-price\">160:-<\/div><\/div><div class=\"clear\"><\/div>Maki valfri 12st insider mango, avokado, tofu, gurka <\/div><\/div><\/div><br \/>\n<div class=\"hw_menu\"><div class=\"media\"><div class=\"media-body\"><div class=\"title-holder\"><div class=\"card-menu-title\"><h3>J.73. Yakiniku <\/h3><\/div><div class=\"card-menu-price\">169:-<\/div><\/div><div class=\"clear\"><\/div>Biff <\/div><\/div><\/div><br \/>\n<div class=\"hw_menu\"><div class=\"media\"><div class=\"media-body\"><div class=\"title-holder\"><div class=\"card-menu-title\"><h3>J. 74.A Valfritt 30bitar<\/h3><\/div><div class=\"card-menu-price\">390:-<\/div><\/div><div class=\"clear\"><\/div><\/div><\/div><\/div><br \/>\n<div class=\"hw_menu\"><div class=\"media\"><div class=\"media-body\"><div class=\"title-holder\"><div class=\"card-menu-title\"><h3>J. 74.B Valfritt 40 bitar<\/h3><\/div><div class=\"card-menu-price\">520:-<\/div><\/div><div class=\"clear\"><\/div><\/div><\/div><\/div><br \/>\n<div class=\"hw_menu\"><div class=\"media\"><div class=\"media-body\"><div class=\"title-holder\"><div class=\"card-menu-title\"><h3>J.76. Pok\u00e9 bowl <\/h3><\/div><div class=\"card-menu-price\">169:-<\/div><\/div><div class=\"clear\"><\/div>lax avokado, gurka, mango, sallad, s\u00e5s<\/div><\/div><\/div><br \/>\n<div class=\"hw_menu\"><div class=\"media\"><div class=\"media-body\"><div class=\"title-holder\"><div class=\"card-menu-title\"><h3>J.77. Pok\u00e9 bowl <\/h3><\/div><div class=\"card-menu-price\">169:-<\/div><\/div><div class=\"clear\"><\/div>r\u00e4kor avokado, gurka, strimlad morot, sallad, s\u00e5s<\/div><\/div><\/div><br \/>\n<div class=\"hw_menu\"><div class=\"media\"><div class=\"media-body\"><div class=\"title-holder\"><div class=\"card-menu-title\"><h3>J.78.A Vegetarisk pok\u00e9 bowl<\/h3><\/div><div class=\"card-menu-price\">169:-<\/div><\/div><div class=\"clear\"><\/div>avokado, gurka, morot, l\u00f6k, soyab\u00f6nor, sesam och s\u00e5s<\/div><\/div><\/div><br \/>\n<div class=\"hw_menu\"><div class=\"media\"><div class=\"media-body\"><div class=\"title-holder\"><div class=\"card-menu-title\"><h3>J.78.B Vegetarisk pok\u00e9 bowl<\/h3><\/div><div class=\"card-menu-price\">169:-<\/div><\/div><div class=\"clear\"><\/div>avokado, gurka, mango, tofu, soyab\u00f6nor, s\u00e5s<\/div><\/div><\/div>\n<p style=\"color: red;\">Alla Pok\u00e9 bowl ing\u00e5r sushi ris<\/p>\n<p>[\/vc_column_text][\/vc_column][\/vc_row]<\/p>\n<\/section>","protected":false},"excerpt":{"rendered":"<p>[vc_row css=&#8221;.vc_custom_1496836470070{padding-top: 20px !important;padding-bottom: 10px !important;}&#8221;][vc_column width=&#8221;1\/4&#8243;][vc_wp_custommenu nav_menu=&#8221;18&#8243;][\/vc_column][vc_column width=&#8221;3\/4&#8243;][vc_column_text] JAPANANSK (SUSHI) Vid byte till Lax, r\u00e4kor, avokado, Maki (5:- extra) Alla Pok\u00e9 bowl ing\u00e5r sushi ris [\/vc_column_text][\/vc_column][\/vc_row]<\/p>\n","protected":false},"author":1,"featured_media":0,"parent":0,"menu_order":0,"comment_status":"closed","ping_status":"closed","template":"","meta":{"footnotes":""},"class_list":["post-3395","page","type-page","status-publish","hentry"],"_links":{"self":[{"href":"https:\/\/asian-t4.se\/orebro\/wp-json\/wp\/v2\/pages\/3395","targetHints":{"allow":["GET"]}}],"collection":[{"href":"https:\/\/asian-t4.se\/orebro\/wp-json\/wp\/v2\/pages"}],"about":[{"href":"https:\/\/asian-t4.se\/orebro\/wp-json\/wp\/v2\/types\/page"}],"author":[{"embeddable":true,"href":"https:\/\/asian-t4.se\/orebro\/wp-json\/wp\/v2\/users\/1"}],"replies":[{"embeddable":true,"href":"https:\/\/asian-t4.se\/orebro\/wp-json\/wp\/v2\/comments?post=3395"}],"version-history":[{"count":4,"href":"https:\/\/asian-t4.se\/orebro\/wp-json\/wp\/v2\/pages\/3395\/revisions"}],"predecessor-version":[{"id":3443,"href":"https:\/\/asian-t4.se\/orebro\/wp-json\/wp\/v2\/pages\/3395\/revisions\/3443"}],"wp:attachment":[{"href":"https:\/\/asian-t4.se\/orebro\/wp-json\/wp\/v2\/media?parent=3395"}],"curies":[{"name":"wp","href":"https:\/\/api.w.org\/{rel}","templated":true}]}}