{"id":2152,"date":"2017-05-08T09:28:00","date_gmt":"2017-05-08T09:28:00","guid":{"rendered":"https:\/\/chipotlerestaurang.se\/?page_id=2152"},"modified":"2024-02-07T11:15:53","modified_gmt":"2024-02-07T10:15:53","slug":"forratter","status":"publish","type":"page","link":"https:\/\/asian-t4.se\/strangnas\/forratter\/","title":{"rendered":"F\u00d6RR\u00c4TTER"},"content":{"rendered":"<section class=\"wpb-content-wrapper\"><p>[vc_row css=&#8221;.vc_custom_1496836470070{padding-top: 20px !important;padding-bottom: 10px !important;}&#8221;][vc_column width=&#8221;1\/4&#8243;][vc_wp_custommenu nav_menu=&#8221;18&#8243;][\/vc_column][vc_column width=&#8221;3\/4&#8243;][vc_column_text]<div class=\"hw_menu\"><div class=\"media\"><div class=\"media-body\"><div class=\"title-holder\"><div class=\"card-menu-title\"><h3>0. Dumplings 7st (Vegetarisk-Kyckling)<\/h3><\/div><div class=\"card-menu-price\">80:-<\/div><\/div><div class=\"clear\"><\/div><\/div><\/div><\/div><br \/>\n<div class=\"hw_menu\"><div class=\"media\"><div class=\"media-body\"><div class=\"title-holder\"><div class=\"card-menu-title\"><h3>1. Vegetariska v\u00e5rrullar 12st<\/h3><\/div><div class=\"card-menu-price\">75:-<\/div><\/div><div class=\"clear\"><\/div><\/div><\/div><\/div><br \/>\n<div class=\"hw_menu\"><div class=\"media\"><div class=\"media-body\"><div class=\"title-holder\"><div class=\"card-menu-title\"><h3>2. Thail\u00e4ndska v\u00e5rrullar 2st<\/h3><\/div><div class=\"card-menu-price\">80:-<\/div><\/div><div class=\"clear\"><\/div><\/div><\/div><\/div><br \/>\n<div class=\"hw_menu\"><div class=\"media\"><div class=\"media-body\"><div class=\"title-holder\"><div class=\"card-menu-title\"><h3>3. Biff sallad i Thaistil<\/h3><\/div><div class=\"card-menu-price\">99:-<\/div><\/div><div class=\"clear\"><\/div><\/div><\/div><\/div><br \/>\n<div class=\"hw_menu\"><div class=\"media\"><div class=\"media-body\"><div class=\"title-holder\"><div class=\"card-menu-title\"><h3>4. Grillade kycklingspett med jordn\u00f6tss\u00e5s<\/h3><\/div><div class=\"card-menu-price\">80:-<\/div><\/div><div class=\"clear\"><\/div><\/div><\/div><\/div><br \/>\n<div class=\"hw_menu\"><div class=\"media\"><div class=\"media-body\"><div class=\"title-holder\"><div class=\"card-menu-title\"><h3>5. Thail\u00e4ndska r\u00e4kv\u00e5rrullar<\/h3><\/div><div class=\"card-menu-price\">89:-<\/div><\/div><div class=\"clear\"><\/div><\/div><\/div><\/div><br \/>\n<div class=\"hw_menu\"><div class=\"media\"><div class=\"media-body\"><div class=\"title-holder\"><div class=\"card-menu-title\"><h3>6. Kryddig R\u00e4ksoppa med limegr\u00e4s<\/h3><\/div><div class=\"card-menu-price\">89:-<\/div><\/div><div class=\"clear\"><\/div><\/div><\/div><\/div><br \/>\n<div class=\"hw_menu\"><div class=\"media\"><div class=\"media-body\"><div class=\"title-holder\"><div class=\"card-menu-title\"><h3>7. Kryddig Kycklingsoppa med limegr\u00e4s<\/h3><\/div><div class=\"card-menu-price\">89:-<\/div><\/div><div class=\"clear\"><\/div><\/div><\/div><\/div><br \/>\n<div class=\"hw_menu\"><div class=\"media\"><div class=\"media-body\"><div class=\"title-holder\"><div class=\"card-menu-title\"><h3>8. R\u00e4ksoppa med kokosmj\u00f6lk<\/h3><\/div><div class=\"card-menu-price\">89:-<\/div><\/div><div class=\"clear\"><\/div><\/div><\/div><\/div><br \/>\n<div class=\"hw_menu\"><div class=\"media\"><div class=\"media-body\"><div class=\"title-holder\"><div class=\"card-menu-title\"><h3>9. Kycklingsoppa med kokosmj\u00f6lk<\/h3><\/div><div class=\"card-menu-price\">89:-<\/div><\/div><div class=\"clear\"><\/div><\/div><\/div><\/div>[\/vc_column_text][\/vc_column][\/vc_row]<\/p>\n<\/section>","protected":false},"excerpt":{"rendered":"<p>[vc_row css=&#8221;.vc_custom_1496836470070{padding-top: 20px !important;padding-bottom: 10px !important;}&#8221;][vc_column width=&#8221;1\/4&#8243;][vc_wp_custommenu nav_menu=&#8221;18&#8243;][\/vc_column][vc_column width=&#8221;3\/4&#8243;][vc_column_text] [\/vc_column_text][\/vc_column][\/vc_row]<\/p>\n","protected":false},"author":1,"featured_media":0,"parent":0,"menu_order":0,"comment_status":"closed","ping_status":"closed","template":"","meta":{"footnotes":""},"class_list":["post-2152","page","type-page","status-publish","hentry"],"_links":{"self":[{"href":"https:\/\/asian-t4.se\/strangnas\/wp-json\/wp\/v2\/pages\/2152","targetHints":{"allow":["GET"]}}],"collection":[{"href":"https:\/\/asian-t4.se\/strangnas\/wp-json\/wp\/v2\/pages"}],"about":[{"href":"https:\/\/asian-t4.se\/strangnas\/wp-json\/wp\/v2\/types\/page"}],"author":[{"embeddable":true,"href":"https:\/\/asian-t4.se\/strangnas\/wp-json\/wp\/v2\/users\/1"}],"replies":[{"embeddable":true,"href":"https:\/\/asian-t4.se\/strangnas\/wp-json\/wp\/v2\/comments?post=2152"}],"version-history":[{"count":5,"href":"https:\/\/asian-t4.se\/strangnas\/wp-json\/wp\/v2\/pages\/2152\/revisions"}],"predecessor-version":[{"id":3410,"href":"https:\/\/asian-t4.se\/strangnas\/wp-json\/wp\/v2\/pages\/2152\/revisions\/3410"}],"wp:attachment":[{"href":"https:\/\/asian-t4.se\/strangnas\/wp-json\/wp\/v2\/media?parent=2152"}],"curies":[{"name":"wp","href":"https:\/\/api.w.org\/{rel}","templated":true}]}}