{"id":3402,"date":"2024-02-07T11:12:51","date_gmt":"2024-02-07T10:12:51","guid":{"rendered":"https:\/\/asian-t4.se\/strangnas\/?page_id=3402"},"modified":"2024-02-07T21:37:46","modified_gmt":"2024-02-07T20:37:46","slug":"sma-ratter","status":"publish","type":"page","link":"https:\/\/asian-t4.se\/strangnas\/sma-ratter\/","title":{"rendered":"SM\u00c5 R\u00c4TTER"},"content":{"rendered":"<section class=\"wpb-content-wrapper\"><p>[vc_row css=&#8221;.vc_custom_1496836470070{padding-top: 20px !important;padding-bottom: 10px !important;}&#8221;][vc_column width=&#8221;1\/4&#8243;][vc_wp_custommenu nav_menu=&#8221;18&#8243;][\/vc_column][vc_column width=&#8221;3\/4&#8243;][vc_column_text]<div class=\"hw_menu\"><div class=\"media\"><div class=\"media-body\"><div class=\"title-holder\"><div class=\"card-menu-title\"><h3>A. TRE SM\u00c5 R\u00c4TTER<\/h3><\/div><div class=\"card-menu-price\">190:-<\/div><\/div><div class=\"clear\"><\/div><\/div><\/div><\/div>&#8211; Kyckling med r\u00f6dcurry<br \/>\n&#8211; Friterade r\u00e4kor med s\u00f6tsurs\u00e5s<br \/>\n&#8211; Kycklingspett med Jordn\u00f6tss\u00e5s<\/p>\n<div class=\"hw_menu\"><div class=\"media\"><div class=\"media-body\"><div class=\"title-holder\"><div class=\"card-menu-title\"><h3>B. TRE SM\u00c5 R\u00c4TTER<\/h3><\/div><div class=\"card-menu-price\">190:-<\/div><\/div><div class=\"clear\"><\/div><\/div><\/div><\/div>&#8211; Biff med gr\u00f6nsaker<br \/>\n&#8211; Friterade kyckling med s\u00f6tsurs\u00e5s<br \/>\n&#8211; Fl\u00e4skfil\u00e9spett med Jordn\u00f6tss\u00e5s<\/p>\n<div class=\"hw_menu\"><div class=\"media\"><div class=\"media-body\"><div class=\"title-holder\"><div class=\"card-menu-title\"><h3>C. FYRA SM\u00c5 R\u00c4TTER<\/h3><\/div><div class=\"card-menu-price\">220:-<\/div><\/div><div class=\"clear\"><\/div><\/div><\/div><\/div>&#8211; Thail\u00e4ndska V\u00e5rrullar<br \/>\n&#8211; Kyckling i r\u00f6d curry<br \/>\n&#8211; Wokade gr\u00f6nsaker i thaistil<br \/>\n&#8211; Fl\u00e4skfil\u00e9spett med Jordn\u00f6tss\u00e5s<\/p>\n<div class=\"hw_menu\"><div class=\"media\"><div class=\"media-body\"><div class=\"title-holder\"><div class=\"card-menu-title\"><h3>D. FYRA SM\u00c5 R\u00c4TTER<\/h3><\/div><div class=\"card-menu-price\">220:-<\/div><\/div><div class=\"clear\"><\/div><\/div><\/div><\/div>&#8211; Wokade ryggbiff med bambuskott, champinjoner<br \/>\n&#8211; Kyckling med r\u00f6d curry<br \/>\n&#8211; Vegetariska v\u00e5rrullar<br \/>\n&#8211; Kycklingspett med jordn\u00f6tss\u00e5s<br \/>\n[\/vc_column_text][\/vc_column][\/vc_row]<\/p>\n<\/section>","protected":false},"excerpt":{"rendered":"<p>[vc_row css=&#8221;.vc_custom_1496836470070{padding-top: 20px !important;padding-bottom: 10px !important;}&#8221;][vc_column width=&#8221;1\/4&#8243;][vc_wp_custommenu nav_menu=&#8221;18&#8243;][\/vc_column][vc_column width=&#8221;3\/4&#8243;][vc_column_text]- Kyckling med r\u00f6dcurry &#8211; Friterade r\u00e4kor med s\u00f6tsurs\u00e5s &#8211; Kycklingspett med Jordn\u00f6tss\u00e5s &#8211; Biff med gr\u00f6nsaker &#8211; Friterade kyckling med s\u00f6tsurs\u00e5s &#8211; Fl\u00e4skfil\u00e9spett med Jordn\u00f6tss\u00e5s &#8211; Thail\u00e4ndska V\u00e5rrullar &#8211; Kyckling i r\u00f6d curry &#8211; Wokade gr\u00f6nsaker i thaistil &#8211; Fl\u00e4skfil\u00e9spett med Jordn\u00f6tss\u00e5s &#8211; Wokade ryggbiff med [&hellip;]<\/p>\n","protected":false},"author":1,"featured_media":0,"parent":0,"menu_order":0,"comment_status":"closed","ping_status":"closed","template":"","meta":{"footnotes":""},"class_list":["post-3402","page","type-page","status-publish","hentry"],"_links":{"self":[{"href":"https:\/\/asian-t4.se\/strangnas\/wp-json\/wp\/v2\/pages\/3402","targetHints":{"allow":["GET"]}}],"collection":[{"href":"https:\/\/asian-t4.se\/strangnas\/wp-json\/wp\/v2\/pages"}],"about":[{"href":"https:\/\/asian-t4.se\/strangnas\/wp-json\/wp\/v2\/types\/page"}],"author":[{"embeddable":true,"href":"https:\/\/asian-t4.se\/strangnas\/wp-json\/wp\/v2\/users\/1"}],"replies":[{"embeddable":true,"href":"https:\/\/asian-t4.se\/strangnas\/wp-json\/wp\/v2\/comments?post=3402"}],"version-history":[{"count":3,"href":"https:\/\/asian-t4.se\/strangnas\/wp-json\/wp\/v2\/pages\/3402\/revisions"}],"predecessor-version":[{"id":3430,"href":"https:\/\/asian-t4.se\/strangnas\/wp-json\/wp\/v2\/pages\/3402\/revisions\/3430"}],"wp:attachment":[{"href":"https:\/\/asian-t4.se\/strangnas\/wp-json\/wp\/v2\/media?parent=3402"}],"curies":[{"name":"wp","href":"https:\/\/api.w.org\/{rel}","templated":true}]}}